{"id":65044,"date":"2023-03-13T09:53:49","date_gmt":"2023-03-13T09:53:49","guid":{"rendered":"http:\/\/skfks.pl\/?page_id=65044"},"modified":"2026-03-18T03:58:34","modified_gmt":"2026-03-18T03:58:34","slug":"siatkarska-lato-2023","status":"publish","type":"page","link":"https:\/\/skfks.pl\/?page_id=65044","title":{"rendered":"Siatkarska Lato 2026"},"content":{"rendered":"\n<p>Siatkarskie zgrupowanie letnie odb\u0119dzie si\u0119 w dniach 16-23 sierpnia w Mi\u0119dzyzdrojach.<\/p>\n\n\n\n<p>Wi\u0119cej informacji wkr\u00f3tce!<\/p>\n","protected":false},"excerpt":{"rendered":"<p>Siatkarskie zgrupowanie letnie odb\u0119dzie si\u0119 w dniach 16-23 sierpnia w Mi\u0119dzyzdrojach. Wi\u0119cej informacji wkr\u00f3tce!<\/p>\n","protected":false},"author":5,"featured_media":0,"parent":0,"menu_order":6,"comment_status":"closed","ping_status":"closed","template":"","meta":{"ngg_post_thumbnail":0},"_links":{"self":[{"href":"https:\/\/skfks.pl\/index.php?rest_route=\/wp\/v2\/pages\/65044"}],"collection":[{"href":"https:\/\/skfks.pl\/index.php?rest_route=\/wp\/v2\/pages"}],"about":[{"href":"https:\/\/skfks.pl\/index.php?rest_route=\/wp\/v2\/types\/page"}],"author":[{"embeddable":true,"href":"https:\/\/skfks.pl\/index.php?rest_route=\/wp\/v2\/users\/5"}],"replies":[{"embeddable":true,"href":"https:\/\/skfks.pl\/index.php?rest_route=%2Fwp%2Fv2%2Fcomments&post=65044"}],"version-history":[{"count":7,"href":"https:\/\/skfks.pl\/index.php?rest_route=\/wp\/v2\/pages\/65044\/revisions"}],"predecessor-version":[{"id":68846,"href":"https:\/\/skfks.pl\/index.php?rest_route=\/wp\/v2\/pages\/65044\/revisions\/68846"}],"wp:attachment":[{"href":"https:\/\/skfks.pl\/index.php?rest_route=%2Fwp%2Fv2%2Fmedia&parent=65044"}],"curies":[{"name":"wp","href":"https:\/\/api.w.org\/{rel}","templated":true}]}}