{"id":64070,"date":"2022-11-02T11:41:22","date_gmt":"2022-11-02T11:41:22","guid":{"rendered":"http:\/\/skfks.pl\/?page_id=64070"},"modified":"2023-09-25T09:00:15","modified_gmt":"2023-09-25T09:00:15","slug":"optyk-rychlik","status":"publish","type":"page","link":"https:\/\/skfks.pl\/?page_id=64070","title":{"rendered":"OnG Service"},"content":{"rendered":"\n<p>Mi\u0142o nam Pa\u0144stwu poinformowa\u0107, \u017ce do grupy Naszych Partner\u00f3w do\u0142\u0105czy\u0142a w\u0142a\u015bnie firma <strong>OnG Servic<\/strong>e.<br>Jeste\u015bmy bardzo dumni, \u017ce grono Naszych Partner\u00f3w si\u0119 rozszerza. <strong>OnG Servic<\/strong>e to jedna z tych firm, gdzie rozmowy by\u0142y kr\u00f3tkie i konkretne bo jak co\u015b robi\u0107 to zdecydowanie. Tak w\u0142a\u015bnie mo\u017cna te\u017c oceni\u0107 Naszego nowego Partnera: Konkretny i Zdecydowany, My ze swojej strony postaramy si\u0119 by\u0107 jak <strong>OnG Service<\/strong> \ud83d\ude42 <\/p>\n\n\n\n<p>Zapraszamy do zapoznania si\u0119 bli\u017cej z Naszym Partnerem:<\/p>\n\n\n\n<p>Firma <strong>OnG Service<\/strong> jest ma\u0142ym, pr\u0119\u017cnie rozwijaj\u0105cym si\u0119 przedsi\u0119biorstwem, dzia\u0142aj\u0105cym na terenie Polski i innych kraj\u00f3w europejskich. Oferuje specjalistyczne us\u0142ugi zwi\u0105zane z wydobyciem, eksploatacj\u0105 oraz przetwarzaniem ropy i gazu. Zapewnia profesjonalny serwis, wsparcie technologiczne, wykonuje naprawy i konserwacje instalacji w rafineriach i kopalniach z wykorzystaniem najwy\u017cszej jako\u015bci \u015brodk\u00f3w chemicznych.<\/p>\n\n\n\n<figure class=\"wp-block-image size-full\"><img decoding=\"async\" loading=\"lazy\" width=\"1000\" height=\"799\" src=\"http:\/\/skfks.pl\/wp-content\/uploads\/2023\/06\/serwis.png\" alt=\"\" class=\"wp-image-65228\" srcset=\"https:\/\/skfks.pl\/wp-content\/uploads\/2023\/06\/serwis.png 1000w, https:\/\/skfks.pl\/wp-content\/uploads\/2023\/06\/serwis-300x240.png 300w, https:\/\/skfks.pl\/wp-content\/uploads\/2023\/06\/serwis-768x614.png 768w\" sizes=\"(max-width: 1000px) 100vw, 1000px\" \/><\/figure>\n\n\n\n<figure class=\"wp-block-image size-large\"><img decoding=\"async\" loading=\"lazy\" width=\"1024\" height=\"696\" src=\"http:\/\/skfks.pl\/wp-content\/uploads\/2023\/06\/Dystrybucja-produktow-1024x696.png\" alt=\"\" class=\"wp-image-65226\" srcset=\"https:\/\/skfks.pl\/wp-content\/uploads\/2023\/06\/Dystrybucja-produktow-1024x696.png 1024w, https:\/\/skfks.pl\/wp-content\/uploads\/2023\/06\/Dystrybucja-produktow-300x204.png 300w, https:\/\/skfks.pl\/wp-content\/uploads\/2023\/06\/Dystrybucja-produktow-768x522.png 768w, https:\/\/skfks.pl\/wp-content\/uploads\/2023\/06\/Dystrybucja-produktow.png 1091w\" sizes=\"(max-width: 1024px) 100vw, 1024px\" \/><\/figure>\n\n\n\n<figure class=\"wp-block-image size-large\"><img decoding=\"async\" loading=\"lazy\" width=\"1024\" height=\"493\" src=\"http:\/\/skfks.pl\/wp-content\/uploads\/2023\/06\/technologia-1024x493.png\" alt=\"\" class=\"wp-image-65227\" srcset=\"https:\/\/skfks.pl\/wp-content\/uploads\/2023\/06\/technologia-1024x493.png 1024w, https:\/\/skfks.pl\/wp-content\/uploads\/2023\/06\/technologia-300x144.png 300w, https:\/\/skfks.pl\/wp-content\/uploads\/2023\/06\/technologia-768x370.png 768w, https:\/\/skfks.pl\/wp-content\/uploads\/2023\/06\/technologia.png 1043w\" sizes=\"(max-width: 1024px) 100vw, 1024px\" \/><\/figure>\n\n\n<div class=\"wp-block-image\">\n<figure class=\"alignright size-large is-resized\"><img decoding=\"async\" loading=\"lazy\" src=\"http:\/\/skfks.pl\/wp-content\/uploads\/2023\/06\/OnG-Service-biale-tlo-e1687865704642-1024x512.png\" alt=\"\" class=\"wp-image-65225\" width=\"410\" height=\"205\" srcset=\"https:\/\/skfks.pl\/wp-content\/uploads\/2023\/06\/OnG-Service-biale-tlo-e1687865704642-1024x512.png 1024w, https:\/\/skfks.pl\/wp-content\/uploads\/2023\/06\/OnG-Service-biale-tlo-e1687865704642-300x150.png 300w, https:\/\/skfks.pl\/wp-content\/uploads\/2023\/06\/OnG-Service-biale-tlo-e1687865704642-768x384.png 768w, https:\/\/skfks.pl\/wp-content\/uploads\/2023\/06\/OnG-Service-biale-tlo-e1687865704642.png 1176w\" sizes=\"(max-width: 410px) 100vw, 410px\" \/><\/figure><\/div>\n\n\n<h2>SIEDZIBA FIRMY<\/h2>\n\n\n\n<ul>\n<li>OnG Service Marcin Szafarz<\/li>\n\n\n\n<li>Szkolna 7\/1<br>64-061 Kamieniec<\/li>\n\n\n\n<li>NIP 7881387421<\/li>\n\n\n\n<li>REGON 630948547<\/li>\n\n\n\n<li>BDO 000539927<\/li>\n<\/ul>\n\n\n\n<h2>BIURO I MAGAZYN<\/h2>\n\n\n\n<ul>\n<li>Fia\u0142kowo<br>ul. Wi\u0119ckowska 98<br>62-070 Dopiewo<\/li>\n\n\n\n<li>+48 698 588 689<\/li>\n\n\n\n<li>+48 889 608 357<\/li>\n\n\n\n<li>biuro@ong-service.pl<\/li>\n<\/ul>\n","protected":false},"excerpt":{"rendered":"<p>Mi\u0142o nam Pa\u0144stwu poinformowa\u0107, \u017ce do grupy Naszych Partner\u00f3w do\u0142\u0105czy\u0142a w\u0142a\u015bnie firma OnG Service.Jeste\u015bmy bardzo dumni, \u017ce grono Naszych Partner\u00f3w si\u0119 rozszerza. OnG Service to jedna z tych firm, gdzie rozmowy by\u0142y kr\u00f3tkie i konkretne bo jak co\u015b robi\u0107 to zdecydowanie. Tak w\u0142a\u015bnie mo\u017cna te\u017c oceni\u0107 Naszego nowego Partnera: Konkretny i Zdecydowany, My ze swojej [&hellip;]<\/p>\n","protected":false},"author":5,"featured_media":0,"parent":676,"menu_order":6,"comment_status":"closed","ping_status":"closed","template":"","meta":{"ngg_post_thumbnail":0},"_links":{"self":[{"href":"https:\/\/skfks.pl\/index.php?rest_route=\/wp\/v2\/pages\/64070"}],"collection":[{"href":"https:\/\/skfks.pl\/index.php?rest_route=\/wp\/v2\/pages"}],"about":[{"href":"https:\/\/skfks.pl\/index.php?rest_route=\/wp\/v2\/types\/page"}],"author":[{"embeddable":true,"href":"https:\/\/skfks.pl\/index.php?rest_route=\/wp\/v2\/users\/5"}],"replies":[{"embeddable":true,"href":"https:\/\/skfks.pl\/index.php?rest_route=%2Fwp%2Fv2%2Fcomments&post=64070"}],"version-history":[{"count":3,"href":"https:\/\/skfks.pl\/index.php?rest_route=\/wp\/v2\/pages\/64070\/revisions"}],"predecessor-version":[{"id":65348,"href":"https:\/\/skfks.pl\/index.php?rest_route=\/wp\/v2\/pages\/64070\/revisions\/65348"}],"up":[{"embeddable":true,"href":"https:\/\/skfks.pl\/index.php?rest_route=\/wp\/v2\/pages\/676"}],"wp:attachment":[{"href":"https:\/\/skfks.pl\/index.php?rest_route=%2Fwp%2Fv2%2Fmedia&parent=64070"}],"curies":[{"name":"wp","href":"https:\/\/api.w.org\/{rel}","templated":true}]}}