{"id":64066,"date":"2022-11-02T11:37:41","date_gmt":"2022-11-02T11:37:41","guid":{"rendered":"http:\/\/skfks.pl\/?page_id=64066"},"modified":"2022-11-02T11:37:41","modified_gmt":"2022-11-02T11:37:41","slug":"coffee-planet","status":"publish","type":"page","link":"https:\/\/skfks.pl\/?page_id=64066","title":{"rendered":"COFFEE PLANET"},"content":{"rendered":"<div class=\"wp-block-image\">\n<figure class=\"aligncenter size-full is-resized\"><img decoding=\"async\" loading=\"lazy\" src=\"http:\/\/skfks.pl\/wp-content\/uploads\/2022\/11\/CP_LOGO_PELNE_KOLOR-3.png\" alt=\"\" class=\"wp-image-64067\" width=\"398\" height=\"265\"\/><\/figure><\/div>\n\n\n<p>Powstali\u015bmy i jeste\u015bmy dla Pa\u0144stwa. W nasze us\u0142ugi wk\u0142adamy du\u017co pasji. Rozwiewamy wszelkie w\u0105tpliwo\u015bci na temat wyboru ekspresu ci\u015bnieniowego i jego u\u017cytkowania, wiedzy praktycznej, og\u00f3lne i w og\u00f3le orientacji na temat kawy jako takiej \u2013 jej fenomenu.<\/p>\n\n\n\n<h3>Lubimy zara\u017ca\u0107 nasz\u0105 pasj\u0105, wi\u0119c oferujemy szkolenia z zakresu wiedzy o kawie, przyrz\u0105dzaniu oraz obs\u0142ugi i konserwacji maszyn do kawy. Dostarczamy r\u00f3wnie\u017c rozwi\u0105zania cateringu kawowego, idealnego rozwi\u0105zania pocz\u0119stunku na biznesowych spotkaniach lub na wszelkie inne, specjalne okazje.<\/h3>\n\n\n\n<h3>W PE\u0141NI PROFESJONALNA I KOMPLETNA OFERTA KAWOWA OD A DO Z!<\/h3>\n\n\n\n<p>W COFFEE PLANET znajdziesz wszystko, czego potrzebujesz aby delektowa\u0107 si\u0119 pyszn\u0105, aromatyczn\u0105 kaw\u0105.<\/p>\n\n\n\n<p>Pocz\u0105wszy od wszelkich ekspres\u00f3w do kawy renomowanych marek JURA, GAGGIA, SAECO PROFESSIONAL, NECTA, FUTURMAT, VISACREM oraz NIVONA, kaw\u0119 ziarnist\u0105 a tak\u017ce \u015bwie\u017co palon\u0105 a\u017c z 25 kraj\u00f3w \u015bwiata, profesjonalny serwis techniczny, szereg akcesori\u00f3w i us\u0142ug dodatkowych, na opiece technicznej i serwisowej ko\u0144cz\u0105c&#8230;<\/p>\n\n\n\n<figure class=\"wp-block-image size-large\"><img decoding=\"async\" loading=\"lazy\" width=\"1024\" height=\"391\" src=\"http:\/\/skfks.pl\/wp-content\/uploads\/2022\/11\/Lokalizacje-1024x391.jpg\" alt=\"\" class=\"wp-image-64068\" srcset=\"https:\/\/skfks.pl\/wp-content\/uploads\/2022\/11\/Lokalizacje-1024x391.jpg 1024w, https:\/\/skfks.pl\/wp-content\/uploads\/2022\/11\/Lokalizacje-300x114.jpg 300w, https:\/\/skfks.pl\/wp-content\/uploads\/2022\/11\/Lokalizacje-768x293.jpg 768w, https:\/\/skfks.pl\/wp-content\/uploads\/2022\/11\/Lokalizacje.jpg 1077w\" sizes=\"(max-width: 1024px) 100vw, 1024px\" \/><\/figure>\n","protected":false},"excerpt":{"rendered":"<p>Powstali\u015bmy i jeste\u015bmy dla Pa\u0144stwa. W nasze us\u0142ugi wk\u0142adamy du\u017co pasji. Rozwiewamy wszelkie w\u0105tpliwo\u015bci na temat wyboru ekspresu ci\u015bnieniowego i jego u\u017cytkowania, wiedzy praktycznej, og\u00f3lne i w og\u00f3le orientacji na temat kawy jako takiej \u2013 jej fenomenu. Lubimy zara\u017ca\u0107 nasz\u0105 pasj\u0105, wi\u0119c oferujemy szkolenia z zakresu wiedzy o kawie, przyrz\u0105dzaniu oraz obs\u0142ugi i konserwacji maszyn [&hellip;]<\/p>\n","protected":false},"author":5,"featured_media":0,"parent":676,"menu_order":4,"comment_status":"closed","ping_status":"closed","template":"","meta":{"ngg_post_thumbnail":0},"_links":{"self":[{"href":"https:\/\/skfks.pl\/index.php?rest_route=\/wp\/v2\/pages\/64066"}],"collection":[{"href":"https:\/\/skfks.pl\/index.php?rest_route=\/wp\/v2\/pages"}],"about":[{"href":"https:\/\/skfks.pl\/index.php?rest_route=\/wp\/v2\/types\/page"}],"author":[{"embeddable":true,"href":"https:\/\/skfks.pl\/index.php?rest_route=\/wp\/v2\/users\/5"}],"replies":[{"embeddable":true,"href":"https:\/\/skfks.pl\/index.php?rest_route=%2Fwp%2Fv2%2Fcomments&post=64066"}],"version-history":[{"count":1,"href":"https:\/\/skfks.pl\/index.php?rest_route=\/wp\/v2\/pages\/64066\/revisions"}],"predecessor-version":[{"id":64069,"href":"https:\/\/skfks.pl\/index.php?rest_route=\/wp\/v2\/pages\/64066\/revisions\/64069"}],"up":[{"embeddable":true,"href":"https:\/\/skfks.pl\/index.php?rest_route=\/wp\/v2\/pages\/676"}],"wp:attachment":[{"href":"https:\/\/skfks.pl\/index.php?rest_route=%2Fwp%2Fv2%2Fmedia&parent=64066"}],"curies":[{"name":"wp","href":"https:\/\/api.w.org\/{rel}","templated":true}]}}