{"id":42616,"date":"2016-09-02T15:29:55","date_gmt":"2016-09-02T15:29:55","guid":{"rendered":"http:\/\/skfks.pl\/?page_id=42616"},"modified":"2025-10-28T07:41:47","modified_gmt":"2025-10-28T07:41:47","slug":"mlodziczki","status":"publish","type":"page","link":"https:\/\/skfks.pl\/?page_id=42616","title":{"rendered":"M\u0142odziczki &#8211; Mistrzostwa Wielkopolski 2025\/2026"},"content":{"rendered":"\n<figure class=\"is-layout-flex wp-block-gallery-1 wp-block-gallery has-nested-images columns-default is-cropped\">\n<figure class=\"wp-block-image size-large\"><img decoding=\"async\" loading=\"lazy\" width=\"1024\" height=\"771\" data-id=\"67801\"  src=\"http:\/\/skfks.pl\/wp-content\/uploads\/2025\/09\/image-1024x771.png\" alt=\"\" class=\"wp-image-67801\" srcset=\"https:\/\/skfks.pl\/wp-content\/uploads\/2025\/09\/image-1024x771.png 1024w, https:\/\/skfks.pl\/wp-content\/uploads\/2025\/09\/image-300x226.png 300w, https:\/\/skfks.pl\/wp-content\/uploads\/2025\/09\/image-768x578.png 768w, https:\/\/skfks.pl\/wp-content\/uploads\/2025\/09\/image.png 1440w\" sizes=\"(max-width: 1024px) 100vw, 1024px\" \/><\/figure>\n\n\n\n<figure class=\"wp-block-image size-large\"><img decoding=\"async\" loading=\"lazy\" width=\"1024\" height=\"517\" data-id=\"67806\"  src=\"http:\/\/skfks.pl\/wp-content\/uploads\/2025\/09\/image-3-1024x517.png\" alt=\"\" class=\"wp-image-67806\" srcset=\"https:\/\/skfks.pl\/wp-content\/uploads\/2025\/09\/image-3-1024x517.png 1024w, https:\/\/skfks.pl\/wp-content\/uploads\/2025\/09\/image-3-300x151.png 300w, https:\/\/skfks.pl\/wp-content\/uploads\/2025\/09\/image-3-768x388.png 768w, https:\/\/skfks.pl\/wp-content\/uploads\/2025\/09\/image-3-1536x776.png 1536w, https:\/\/skfks.pl\/wp-content\/uploads\/2025\/09\/image-3.png 1705w\" sizes=\"(max-width: 1024px) 100vw, 1024px\" \/><\/figure>\n<\/figure>\n\n\n\n<p><strong>Grupa 16<\/strong><\/p>\n\n\n\n<figure class=\"wp-block-table\"><table><tbody><tr><td>Lp.<\/td><td>Zesp\u00f3\u0142<\/td><td>Mecze<\/td><td>Pkt<\/td><td>Zw.<\/td><td>Sety +<\/td><td>Sety &#8211;<\/td><td>pkt +<\/td><td>pkt &#8211;<\/td><\/tr><tr><td>1<\/td><td>ENEA Energetyk Pozna\u0144<\/td><td>6<\/td><td>12<\/td><td>6<\/td><td>12<\/td><td>0<\/td><td>0<\/td><td>0<\/td><\/tr><tr><td>2<\/td><td>MKS Trzcianka<\/td><td>6<\/td><td>9<\/td><td>3<\/td><td>6<\/td><td>6<\/td><td>0<\/td><td>0<\/td><\/tr><tr><td>3<\/td><td>SKF PBS SP69 Pozna\u0144 II<\/td><td>6<\/td><td>0<\/td><td>0<\/td><td>0<\/td><td>12<\/td><td>110<\/td><td>301<\/td><\/tr><\/tbody><\/table><\/figure>\n\n\n\n<figure class=\"wp-block-table\"><table><tbody><tr><td><a href=\"https:\/\/wzps.poznan.pl\/obsady\/index.php?mode=4&amp;stage=2&amp;match_id=458\">1<\/a><\/td><td>2025-09-27<\/td><td><strong>SKF PBS SP69 Pozna\u0144 II<\/strong><\/td><td>&#8211;<\/td><td><strong>ENEA Energetyk Pozna\u0144<\/strong><\/td><td>0:2<\/td><\/tr><tr><td><a href=\"https:\/\/wzps.poznan.pl\/obsady\/index.php?mode=4&amp;stage=2&amp;match_id=459\">2<\/a><\/td><td>2025-09-27<\/td><td><strong>ENEA Energetyk Pozna\u0144<\/strong><\/td><td>&#8211;<\/td><td><strong>MKS Trzcianka<\/strong><\/td><td>2:0<\/td><\/tr><tr><td><a href=\"https:\/\/wzps.poznan.pl\/obsady\/index.php?mode=4&amp;stage=2&amp;match_id=460\">3<\/a><\/td><td>2025-09-27<\/td><td><strong>MKS Trzcianka<\/strong><\/td><td>&#8211;<\/td><td><strong>SKF PBS SP69 Pozna\u0144 II<\/strong><\/td><td>2:0<\/td><\/tr><tr><td><a href=\"https:\/\/wzps.poznan.pl\/obsady\/index.php?mode=4&amp;stage=2&amp;match_id=461\">4<\/a><\/td><td>2025-10-04<\/td><td><strong>MKS Trzcianka<\/strong><\/td><td>&#8211;<\/td><td><strong>SKF PBS SP69 Pozna\u0144 II<\/strong><\/td><td>2:0<\/td><\/tr><tr><td><a href=\"https:\/\/wzps.poznan.pl\/obsady\/index.php?mode=4&amp;stage=2&amp;match_id=462\">5<\/a><\/td><td>2025-10-04<\/td><td><strong>SKF PBS SP69 Pozna\u0144 II<\/strong><\/td><td>&#8211;<\/td><td><strong>ENEA Energetyk Pozna\u0144<\/strong><\/td><td>0:2<\/td><\/tr><tr><td><a href=\"https:\/\/wzps.poznan.pl\/obsady\/index.php?mode=4&amp;stage=2&amp;match_id=463\">6<\/a><\/td><td>2025-10-04<\/td><td><strong>ENEA Energetyk Pozna\u0144<\/strong><\/td><td>&#8211;<\/td><td><strong>MKS Trzcianka<\/strong><\/td><td>2:0<\/td><\/tr><tr><td><a href=\"https:\/\/wzps.poznan.pl\/obsady\/index.php?mode=4&amp;stage=2&amp;match_id=464\">7<\/a><\/td><td>2025-10-11<\/td><td><strong>ENEA Energetyk Pozna\u0144<\/strong><\/td><td>&#8211;<\/td><td><strong>MKS Trzcianka<\/strong><\/td><td>2:0<\/td><\/tr><tr><td><a href=\"https:\/\/wzps.poznan.pl\/obsady\/index.php?mode=4&amp;stage=2&amp;match_id=465\">8<\/a><\/td><td>2025-10-11<\/td><td><strong>MKS Trzcianka<\/strong><\/td><td>&#8211;<\/td><td><strong>SKF PBS SP69 Pozna\u0144 II<\/strong><\/td><td>2:0<\/td><\/tr><tr><td><a href=\"https:\/\/wzps.poznan.pl\/obsady\/index.php?mode=4&amp;stage=2&amp;match_id=466\">9<\/a><\/td><td>2025-10-11<\/td><td><strong>SKF PBS SP69 Pozna\u0144 II<\/strong><\/td><td>&#8211;<\/td><td><strong>ENEA Energetyk Pozna\u0144<\/strong><\/td><td>0:2<\/td><\/tr><\/tbody><\/table><\/figure>\n\n\n\n<p><strong>Grupa 18<\/strong><\/p>\n\n\n\n<figure class=\"wp-block-table\"><table><tbody><tr><td>Lp.<\/td><td>Zesp\u00f3\u0142<\/td><td>Mecze<\/td><td>Pkt<\/td><td>Zw.<\/td><td>Sety +<\/td><td>Sety &#8211;<\/td><td>pkt +<\/td><td>pkt &#8211;<\/td><\/tr><tr><td>1<\/td><td>KS Volley Pozna\u0144 II<\/td><td>6<\/td><td>11<\/td><td>5<\/td><td>11<\/td><td>2<\/td><td>306<\/td><td>222<\/td><\/tr><tr><td>2<\/td><td>Tarnovi Tarnowo Podg\u00f3rne<\/td><td>6<\/td><td>10<\/td><td>4<\/td><td>8<\/td><td>6<\/td><td>301<\/td><td>294<\/td><\/tr><tr><td>3<\/td><td>Tarnovia Volleyball Tarnowo Podg\u00f3rne<\/td><td>6<\/td><td>6<\/td><td>0<\/td><td>1<\/td><td>12<\/td><td>229<\/td><td>320<\/td><\/tr><\/tbody><\/table><\/figure>\n\n\n\n<figure class=\"wp-block-table\"><table><tbody><tr><td><a href=\"https:\/\/wzps.poznan.pl\/obsady\/index.php?mode=4&amp;stage=2&amp;match_id=531\">1<\/a><\/td><td>2025-09-27<\/td><td><strong>Tarnovia Volleyball Tarnowo Podg\u00f3rne<\/strong><\/td><td>&#8211;<\/td><td><strong>KS Volley Pozna\u0144 II<\/strong><\/td><td>2:1<\/td><\/tr><tr><td><a href=\"https:\/\/wzps.poznan.pl\/obsady\/index.php?mode=4&amp;stage=2&amp;match_id=532\">2<\/a><\/td><td>2025-09-27<\/td><td><strong>KS Volley Pozna\u0144 II<\/strong><\/td><td>&#8211;<\/td><td><strong>SKF PBS SP69 Pozna\u0144<\/strong><\/td><td>2:0<\/td><\/tr><tr><td><a href=\"https:\/\/wzps.poznan.pl\/obsady\/index.php?mode=4&amp;stage=2&amp;match_id=533\">3<\/a><\/td><td>2025-09-27<\/td><td><strong>SKF PBS SP69 Pozna\u0144<\/strong><\/td><td>&#8211;<\/td><td><strong>Tarnovia Volleyball Tarnowo Podg\u00f3rne<\/strong><\/td><td>0:2<\/td><\/tr><tr><td><a href=\"https:\/\/wzps.poznan.pl\/obsady\/index.php?mode=4&amp;stage=2&amp;match_id=534\">4<\/a><\/td><td>2025-10-04<\/td><td><strong>SKF PBS SP69 Pozna\u0144<\/strong><\/td><td>&#8211;<\/td><td><strong>Tarnovia Volleyball Tarnowo Podg\u00f3rne<\/strong><\/td><td>1:2<\/td><\/tr><tr><td><a href=\"https:\/\/wzps.poznan.pl\/obsady\/index.php?mode=4&amp;stage=2&amp;match_id=535\">5<\/a><\/td><td>2025-10-04<\/td><td><strong>Tarnovia Volleyball Tarnowo Podg\u00f3rne<\/strong><\/td><td>&#8211;<\/td><td><strong>KS Volley Pozna\u0144 II<\/strong><\/td><td>2:0<\/td><\/tr><tr><td><a href=\"https:\/\/wzps.poznan.pl\/obsady\/index.php?mode=4&amp;stage=2&amp;match_id=536\">6<\/a><\/td><td>2025-10-04<\/td><td><strong>KS Volley Pozna\u0144 II<\/strong><\/td><td>&#8211;<\/td><td><strong>SKF PBS SP69 Pozna\u0144<\/strong><\/td><td>2:0<\/td><\/tr><tr><td><a href=\"https:\/\/wzps.poznan.pl\/obsady\/index.php?mode=4&amp;stage=2&amp;match_id=537\">7<\/a><\/td><td>2025-10-11<\/td><td><strong>KS Volley Pozna\u0144 II<\/strong><\/td><td>&#8211;<\/td><td><strong>SKF PBS SP69 Pozna\u0144<\/strong><\/td><td>2:0<\/td><\/tr><tr><td><a href=\"https:\/\/wzps.poznan.pl\/obsady\/index.php?mode=4&amp;stage=2&amp;match_id=538\">8<\/a><\/td><td>2025-10-11<\/td><td><strong>SKF PBS SP69 Pozna\u0144<\/strong><\/td><td>&#8211;<\/td><td><strong>Tarnovia Volleyball Tarnowo Podg\u00f3rne<\/strong><\/td><td>0:2<\/td><\/tr><tr><td><a href=\"https:\/\/wzps.poznan.pl\/obsady\/index.php?mode=4&amp;stage=2&amp;match_id=539\">9<\/a><\/td><td>2025-10-11<\/td><td><strong>Tarnovia Volleyball Tarnowo Podg\u00f3rne<\/strong><\/td><td>&#8211;<\/td><td><strong>KS Volley Pozna\u0144 II<\/strong><\/td><td>2:1<\/td><\/tr><\/tbody><\/table><\/figure>\n\n\n\n<figure class=\"wp-block-image size-large\"><img decoding=\"async\" loading=\"lazy\" width=\"1024\" height=\"437\" src=\"http:\/\/skfks.pl\/wp-content\/uploads\/2023\/09\/wspolpracujemy-z-1024x437.png\" alt=\"\" class=\"wp-image-65301\" srcset=\"https:\/\/skfks.pl\/wp-content\/uploads\/2023\/09\/wspolpracujemy-z-1024x437.png 1024w, https:\/\/skfks.pl\/wp-content\/uploads\/2023\/09\/wspolpracujemy-z-300x128.png 300w, https:\/\/skfks.pl\/wp-content\/uploads\/2023\/09\/wspolpracujemy-z-768x328.png 768w, https:\/\/skfks.pl\/wp-content\/uploads\/2023\/09\/wspolpracujemy-z.png 1200w\" sizes=\"(max-width: 1024px) 100vw, 1024px\" \/><\/figure>\n","protected":false},"excerpt":{"rendered":"<p>Grupa 16 Lp. Zesp\u00f3\u0142 Mecze Pkt Zw. Sety + Sety &#8211; pkt + pkt &#8211; 1 ENEA Energetyk Pozna\u0144 6 12 6 12 0 0 0 2 MKS Trzcianka 6 9 3 6 6 0 0 3 SKF PBS SP69 Pozna\u0144 II 6 0 0 0 12 110 301 1 2025-09-27 SKF PBS SP69 Pozna\u0144 [&hellip;]<\/p>\n","protected":false},"author":5,"featured_media":0,"parent":204,"menu_order":1,"comment_status":"closed","ping_status":"closed","template":"","meta":{"ngg_post_thumbnail":0},"_links":{"self":[{"href":"https:\/\/skfks.pl\/index.php?rest_route=\/wp\/v2\/pages\/42616"}],"collection":[{"href":"https:\/\/skfks.pl\/index.php?rest_route=\/wp\/v2\/pages"}],"about":[{"href":"https:\/\/skfks.pl\/index.php?rest_route=\/wp\/v2\/types\/page"}],"author":[{"embeddable":true,"href":"https:\/\/skfks.pl\/index.php?rest_route=\/wp\/v2\/users\/5"}],"replies":[{"embeddable":true,"href":"https:\/\/skfks.pl\/index.php?rest_route=%2Fwp%2Fv2%2Fcomments&post=42616"}],"version-history":[{"count":81,"href":"https:\/\/skfks.pl\/index.php?rest_route=\/wp\/v2\/pages\/42616\/revisions"}],"predecessor-version":[{"id":68058,"href":"https:\/\/skfks.pl\/index.php?rest_route=\/wp\/v2\/pages\/42616\/revisions\/68058"}],"up":[{"embeddable":true,"href":"https:\/\/skfks.pl\/index.php?rest_route=\/wp\/v2\/pages\/204"}],"wp:attachment":[{"href":"https:\/\/skfks.pl\/index.php?rest_route=%2Fwp%2Fv2%2Fmedia&parent=42616"}],"curies":[{"name":"wp","href":"https:\/\/api.w.org\/{rel}","templated":true}]}}