{"id":235,"date":"2010-10-02T20:15:45","date_gmt":"2010-10-02T20:15:45","guid":{"rendered":"http:\/\/skfks.pl\/?page_id=235"},"modified":"2026-02-11T03:13:42","modified_gmt":"2026-02-11T03:13:42","slug":"sztab-szkoleniowy","status":"publish","type":"page","link":"https:\/\/skfks.pl\/?page_id=235","title":{"rendered":"Sztab szkoleniowy"},"content":{"rendered":"<p>M\u0142odziczka &#8211; Grzegorz \u0141uszczewski<\/p>\n<p>M\u0142odziczka II &#8211; Damian Gapik<\/p>\n<p>Mini pi\u0142ka siatkowa &#8211; Kuba Paszkiewicz<\/p>\n<p>M\u0142odziczka grupa naborowa &#8211; Katarzyna Matysiak<\/p>\n<p>Mini siatk\u00f3wka &#8211; Martyna Tracz<\/p>\n","protected":false},"excerpt":{"rendered":"<p>M\u0142odziczka &#8211; Grzegorz \u0141uszczewski M\u0142odziczka II &#8211; Damian Gapik Mini pi\u0142ka siatkowa &#8211; Kuba Paszkiewicz M\u0142odziczka grupa naborowa &#8211; Katarzyna Matysiak Mini siatk\u00f3wka &#8211; Martyna Tracz<\/p>\n","protected":false},"author":1,"featured_media":0,"parent":180,"menu_order":3,"comment_status":"closed","ping_status":"closed","template":"","meta":{"ngg_post_thumbnail":0},"_links":{"self":[{"href":"https:\/\/skfks.pl\/index.php?rest_route=\/wp\/v2\/pages\/235"}],"collection":[{"href":"https:\/\/skfks.pl\/index.php?rest_route=\/wp\/v2\/pages"}],"about":[{"href":"https:\/\/skfks.pl\/index.php?rest_route=\/wp\/v2\/types\/page"}],"author":[{"embeddable":true,"href":"https:\/\/skfks.pl\/index.php?rest_route=\/wp\/v2\/users\/1"}],"replies":[{"embeddable":true,"href":"https:\/\/skfks.pl\/index.php?rest_route=%2Fwp%2Fv2%2Fcomments&post=235"}],"version-history":[{"count":44,"href":"https:\/\/skfks.pl\/index.php?rest_route=\/wp\/v2\/pages\/235\/revisions"}],"predecessor-version":[{"id":68678,"href":"https:\/\/skfks.pl\/index.php?rest_route=\/wp\/v2\/pages\/235\/revisions\/68678"}],"up":[{"embeddable":true,"href":"https:\/\/skfks.pl\/index.php?rest_route=\/wp\/v2\/pages\/180"}],"wp:attachment":[{"href":"https:\/\/skfks.pl\/index.php?rest_route=%2Fwp%2Fv2%2Fmedia&parent=235"}],"curies":[{"name":"wp","href":"https:\/\/api.w.org\/{rel}","templated":true}]}}