{"id":217,"date":"2010-10-02T19:54:21","date_gmt":"2010-10-02T19:54:21","guid":{"rendered":"http:\/\/skfks.pl\/?page_id=217"},"modified":"2026-03-24T17:59:51","modified_gmt":"2026-03-24T17:59:51","slug":"kontakt","status":"publish","type":"page","link":"https:\/\/skfks.pl\/?page_id=217","title":{"rendered":"Nab\u00f3r do klubu"},"content":{"rendered":"\n<p>Marzysz o grze w siatk\u00f3wk\u0119? Chcesz rozwija\u0107 swoje umiej\u0119tno\u015bci, aktywnie sp\u0119dza\u0107 czas i zdobywa\u0107 nowych przyjaci\u00f3\u0142? Do\u0142\u0105cz do naszego klubu siatkarskiego!<\/p>\n\n\n\n<p><strong>Prowadzimy nab\u00f3r dla dziewczynek do 13 roku \u017cycia<\/strong>&nbsp;(rocznik: 2012 \/ 2013 \/ 2014\/ 2015) \u2014 bez wzgl\u0119du na poziom zaawansowania. Zapraszamy zar\u00f3wno te, kt\u00f3re dopiero chc\u0105 rozpocz\u0105\u0107 swoj\u0105 przygod\u0119 z siatk\u00f3wk\u0105, jak i te, kt\u00f3re maj\u0105 ju\u017c pierwsze do\u015bwiadczenia za sob\u0105.<\/p>\n\n\n\n<p><strong>Oferujemy:<\/strong><br><img decoding=\"async\" alt=\"\u2705\" src=\"https:\/\/s.w.org\/images\/core\/emoji\/14.0.0\/svg\/2705.svg\">&nbsp;Profesjonalne treningi prowadzone przez wykwalifikowan\u0105 kadr\u0119 trenersk\u0105<br><img decoding=\"async\" alt=\"\u2705\" src=\"https:\/\/s.w.org\/images\/core\/emoji\/14.0.0\/svg\/2705.svg\">&nbsp;Zaj\u0119cia og\u00f3lnorozwojowe i siatkarskie w przyjaznej atmosferze<br><img decoding=\"async\" alt=\"\u2705\" src=\"https:\/\/s.w.org\/images\/core\/emoji\/14.0.0\/svg\/2705.svg\">&nbsp;Udzia\u0142 w turniejach, zawodach i obozach sportowych<br><img decoding=\"async\" alt=\"\u2705\" src=\"https:\/\/s.w.org\/images\/core\/emoji\/14.0.0\/svg\/2705.svg\">&nbsp;Mo\u017cliwo\u015b\u0107 rozwoju sportowej pasji i budowania ducha zespo\u0142u<\/p>\n\n\n\n<p><strong>Miejsce trening\u00f3w:<\/strong>\u00a0\u0141azarz oraz Grunwald<br><br><img decoding=\"async\" src=\"https:\/\/s.w.org\/images\/core\/emoji\/14.0.0\/svg\/1f4de.svg\" alt=\"\ud83d\udcde\"><\/p>\n\n\n\n<p>Nie czekaj \u2014 zapisz si\u0119 ju\u017c dzi\u015b i zacznij swoj\u0105 siatkarsk\u0105 przygod\u0119!<br><strong>Do zobaczenia na boisku!<\/strong><\/p>\n\n\n\n<p><strong>Siatk\u00f3wka to nie tylko sport \u2014 to pasja, przyja\u017a\u0144 i walka o ka\u017cdy punkt.<\/strong><\/p>\n","protected":false},"excerpt":{"rendered":"<p>Marzysz o grze w siatk\u00f3wk\u0119? Chcesz rozwija\u0107 swoje umiej\u0119tno\u015bci, aktywnie sp\u0119dza\u0107 czas i zdobywa\u0107 nowych przyjaci\u00f3\u0142? Do\u0142\u0105cz do naszego klubu siatkarskiego! Prowadzimy nab\u00f3r dla dziewczynek do 13 roku \u017cycia&nbsp;(rocznik: 2012 \/ 2013 \/ 2014\/ 2015) \u2014 bez wzgl\u0119du na poziom zaawansowania. Zapraszamy zar\u00f3wno te, kt\u00f3re dopiero chc\u0105 rozpocz\u0105\u0107 swoj\u0105 przygod\u0119 z siatk\u00f3wk\u0105, jak i te, [&hellip;]<\/p>\n","protected":false},"author":1,"featured_media":0,"parent":180,"menu_order":6,"comment_status":"closed","ping_status":"closed","template":"","meta":{"ngg_post_thumbnail":0},"_links":{"self":[{"href":"https:\/\/skfks.pl\/index.php?rest_route=\/wp\/v2\/pages\/217"}],"collection":[{"href":"https:\/\/skfks.pl\/index.php?rest_route=\/wp\/v2\/pages"}],"about":[{"href":"https:\/\/skfks.pl\/index.php?rest_route=\/wp\/v2\/types\/page"}],"author":[{"embeddable":true,"href":"https:\/\/skfks.pl\/index.php?rest_route=\/wp\/v2\/users\/1"}],"replies":[{"embeddable":true,"href":"https:\/\/skfks.pl\/index.php?rest_route=%2Fwp%2Fv2%2Fcomments&post=217"}],"version-history":[{"count":26,"href":"https:\/\/skfks.pl\/index.php?rest_route=\/wp\/v2\/pages\/217\/revisions"}],"predecessor-version":[{"id":68879,"href":"https:\/\/skfks.pl\/index.php?rest_route=\/wp\/v2\/pages\/217\/revisions\/68879"}],"up":[{"embeddable":true,"href":"https:\/\/skfks.pl\/index.php?rest_route=\/wp\/v2\/pages\/180"}],"wp:attachment":[{"href":"https:\/\/skfks.pl\/index.php?rest_route=%2Fwp%2Fv2%2Fmedia&parent=217"}],"curies":[{"name":"wp","href":"https:\/\/api.w.org\/{rel}","templated":true}]}}