{"id":182,"date":"2010-10-01T14:50:29","date_gmt":"2010-10-01T14:50:29","guid":{"rendered":"http:\/\/skfks.pl\/?page_id=182"},"modified":"2026-04-05T08:21:37","modified_gmt":"2026-04-05T08:21:37","slug":"wladze-klubu","status":"publish","type":"page","link":"https:\/\/skfks.pl\/?page_id=182","title":{"rendered":"W\u0142adze klubu"},"content":{"rendered":"\n<p>Prezes &#8211; Damian Gapik<\/p>\n\n\n\n<p>Cz\u0142onek Zarz\u0105du &#8211; Oskar W\u0142odarczyk<\/p>\n\n\n\n<p>Cz\u0142onek Zarz\u0105du &#8211; Kuba Paszkiewicz<\/p>\n\n\n\n<p>Cz\u0142onek Zarz\u0105du &#8211; Micha\u0142 Su\u0142kowski<\/p>\n","protected":false},"excerpt":{"rendered":"<p>Prezes &#8211; Damian Gapik Cz\u0142onek Zarz\u0105du &#8211; Oskar W\u0142odarczyk Cz\u0142onek Zarz\u0105du &#8211; Kuba Paszkiewicz Cz\u0142onek Zarz\u0105du &#8211; Micha\u0142 Su\u0142kowski<\/p>\n","protected":false},"author":1,"featured_media":0,"parent":180,"menu_order":1,"comment_status":"closed","ping_status":"closed","template":"","meta":{"ngg_post_thumbnail":0},"_links":{"self":[{"href":"https:\/\/skfks.pl\/index.php?rest_route=\/wp\/v2\/pages\/182"}],"collection":[{"href":"https:\/\/skfks.pl\/index.php?rest_route=\/wp\/v2\/pages"}],"about":[{"href":"https:\/\/skfks.pl\/index.php?rest_route=\/wp\/v2\/types\/page"}],"author":[{"embeddable":true,"href":"https:\/\/skfks.pl\/index.php?rest_route=\/wp\/v2\/users\/1"}],"replies":[{"embeddable":true,"href":"https:\/\/skfks.pl\/index.php?rest_route=%2Fwp%2Fv2%2Fcomments&post=182"}],"version-history":[{"count":42,"href":"https:\/\/skfks.pl\/index.php?rest_route=\/wp\/v2\/pages\/182\/revisions"}],"predecessor-version":[{"id":68975,"href":"https:\/\/skfks.pl\/index.php?rest_route=\/wp\/v2\/pages\/182\/revisions\/68975"}],"up":[{"embeddable":true,"href":"https:\/\/skfks.pl\/index.php?rest_route=\/wp\/v2\/pages\/180"}],"wp:attachment":[{"href":"https:\/\/skfks.pl\/index.php?rest_route=%2Fwp%2Fv2%2Fmedia&parent=182"}],"curies":[{"name":"wp","href":"https:\/\/api.w.org\/{rel}","templated":true}]}}