{"id":169,"date":"2010-10-01T14:28:31","date_gmt":"2010-10-01T14:28:31","guid":{"rendered":"http:\/\/skfks.pl\/?page_id=169"},"modified":"2025-09-19T13:56:29","modified_gmt":"2025-09-19T13:56:29","slug":"mini-siatkowka","status":"publish","type":"page","link":"https:\/\/skfks.pl\/?page_id=169","title":{"rendered":"Mini Siatk\u00f3wka 3 i 4"},"content":{"rendered":"\n<p><strong>Kadra:<\/strong><br><\/p>\n\n\n<div class=\"wp-block-image\">\n<figure class=\"alignright size-large is-resized\"><img decoding=\"async\" loading=\"lazy\" src=\"http:\/\/skfks.pl\/wp-content\/uploads\/2023\/02\/DSC_0133-678x1024.jpg\" alt=\"\" class=\"wp-image-64887\" width=\"381\" height=\"576\"\/><\/figure><\/div>\n\n\n<p>Handschuk Marcelina<br>Hubarenko Danka<br>Janowska Alicja<br>Kaczmarek Nikola<br>Ko\u017cuch Zofia<br>Kupka Michalina<br>Lesiewicz R\u00f3\u017ca<br>Markiewicz Julia<br>Mierzwa Wanda<br>Nowicka Jadwiga<br>Owsiankow Emilia<br>Prusi\u0144ska Aleksandra<br>Ratajczak Kamila<br>Rogal Hanna<br>Rz\u0105d Julia<br>Sikora Hanna<\/p>\n\n\n\n<p><strong>TRENER: Jakub Paszkiewicz<\/strong><\/p>\n\n\n\n<figure class=\"wp-block-image size-large\"><img decoding=\"async\" loading=\"lazy\" width=\"1024\" height=\"437\" src=\"http:\/\/skfks.pl\/wp-content\/uploads\/2023\/09\/wspolpracujemy-z-1024x437.png\" alt=\"\" class=\"wp-image-65301\" srcset=\"https:\/\/skfks.pl\/wp-content\/uploads\/2023\/09\/wspolpracujemy-z-1024x437.png 1024w, https:\/\/skfks.pl\/wp-content\/uploads\/2023\/09\/wspolpracujemy-z-300x128.png 300w, https:\/\/skfks.pl\/wp-content\/uploads\/2023\/09\/wspolpracujemy-z-768x328.png 768w, https:\/\/skfks.pl\/wp-content\/uploads\/2023\/09\/wspolpracujemy-z.png 1200w\" sizes=\"(max-width: 1024px) 100vw, 1024px\" \/><\/figure>\n","protected":false},"excerpt":{"rendered":"<p>Kadra: Handschuk MarcelinaHubarenko DankaJanowska AlicjaKaczmarek NikolaKo\u017cuch ZofiaKupka MichalinaLesiewicz R\u00f3\u017caMarkiewicz JuliaMierzwa WandaNowicka JadwigaOwsiankow EmiliaPrusi\u0144ska AleksandraRatajczak KamilaRogal HannaRz\u0105d JuliaSikora Hanna TRENER: Jakub Paszkiewicz<\/p>\n","protected":false},"author":1,"featured_media":0,"parent":151,"menu_order":5,"comment_status":"closed","ping_status":"closed","template":"","meta":{"ngg_post_thumbnail":0},"_links":{"self":[{"href":"https:\/\/skfks.pl\/index.php?rest_route=\/wp\/v2\/pages\/169"}],"collection":[{"href":"https:\/\/skfks.pl\/index.php?rest_route=\/wp\/v2\/pages"}],"about":[{"href":"https:\/\/skfks.pl\/index.php?rest_route=\/wp\/v2\/types\/page"}],"author":[{"embeddable":true,"href":"https:\/\/skfks.pl\/index.php?rest_route=\/wp\/v2\/users\/1"}],"replies":[{"embeddable":true,"href":"https:\/\/skfks.pl\/index.php?rest_route=%2Fwp%2Fv2%2Fcomments&post=169"}],"version-history":[{"count":54,"href":"https:\/\/skfks.pl\/index.php?rest_route=\/wp\/v2\/pages\/169\/revisions"}],"predecessor-version":[{"id":67812,"href":"https:\/\/skfks.pl\/index.php?rest_route=\/wp\/v2\/pages\/169\/revisions\/67812"}],"up":[{"embeddable":true,"href":"https:\/\/skfks.pl\/index.php?rest_route=\/wp\/v2\/pages\/151"}],"wp:attachment":[{"href":"https:\/\/skfks.pl\/index.php?rest_route=%2Fwp%2Fv2%2Fmedia&parent=169"}],"curies":[{"name":"wp","href":"https:\/\/api.w.org\/{rel}","templated":true}]}}