{"id":167,"date":"2010-10-01T14:28:00","date_gmt":"2010-10-01T14:28:00","guid":{"rendered":"http:\/\/skfks.pl\/?page_id=167"},"modified":"2025-09-19T13:54:41","modified_gmt":"2025-09-19T13:54:41","slug":"nabor","status":"publish","type":"page","link":"https:\/\/skfks.pl\/?page_id=167","title":{"rendered":"M\u0142odziczki &#8211; grupa Naborowa"},"content":{"rendered":"\n<p><strong>Kadra:<\/strong><br><\/p>\n\n\n<div class=\"wp-block-image\">\n<figure class=\"alignright size-large is-resized\"><img decoding=\"async\" loading=\"lazy\" src=\"http:\/\/skfks.pl\/wp-content\/uploads\/2023\/02\/DSC_0133-678x1024.jpg\" alt=\"\" class=\"wp-image-64887\" width=\"510\" height=\"771\"\/><\/figure><\/div>\n\n\n<p>Grzybulska Honorata<br>Janowska Zofia<br>Jur Aleksandra<br>Kali\u0144ska Sonia<br>Kopa Viktoria<br>Krawczyk Urszula<br>Ku\u017anik Laura<br>\u0141\u0105czka Patrycja<br>Makowska Joanna<br>Maron Natalia<br>Mas\u0142owska Martyna<br>Milewska Gabriela<br>Sarna Ines<br>Selivanova Nikolina<br>Sobkowiak Ewa<br>Socha Maria<br>Spychaj Amelia<br>Szczotka Nina<br>Tomaszewska Martyna<br>Tomaszewska Pola<br>Wajer Zofia<\/p>\n\n\n\n<p><strong>TRENER: Jakub Paszkiewicz<\/strong><\/p>\n\n\n\n<figure class=\"wp-block-image size-large\"><img decoding=\"async\" loading=\"lazy\" width=\"1024\" height=\"437\" src=\"http:\/\/skfks.pl\/wp-content\/uploads\/2023\/09\/wspolpracujemy-z-1024x437.png\" alt=\"\" class=\"wp-image-65301\" srcset=\"https:\/\/skfks.pl\/wp-content\/uploads\/2023\/09\/wspolpracujemy-z-1024x437.png 1024w, https:\/\/skfks.pl\/wp-content\/uploads\/2023\/09\/wspolpracujemy-z-300x128.png 300w, https:\/\/skfks.pl\/wp-content\/uploads\/2023\/09\/wspolpracujemy-z-768x328.png 768w, https:\/\/skfks.pl\/wp-content\/uploads\/2023\/09\/wspolpracujemy-z.png 1200w\" sizes=\"(max-width: 1024px) 100vw, 1024px\" \/><\/figure>\n","protected":false},"excerpt":{"rendered":"<p>Kadra: Grzybulska HonorataJanowska ZofiaJur AleksandraKali\u0144ska SoniaKopa ViktoriaKrawczyk UrszulaKu\u017anik Laura\u0141\u0105czka PatrycjaMakowska JoannaMaron NataliaMas\u0142owska MartynaMilewska GabrielaSarna InesSelivanova NikolinaSobkowiak EwaSocha MariaSpychaj AmeliaSzczotka NinaTomaszewska MartynaTomaszewska PolaWajer Zofia TRENER: Jakub Paszkiewicz<\/p>\n","protected":false},"author":1,"featured_media":0,"parent":151,"menu_order":4,"comment_status":"closed","ping_status":"closed","template":"","meta":{"ngg_post_thumbnail":0},"_links":{"self":[{"href":"https:\/\/skfks.pl\/index.php?rest_route=\/wp\/v2\/pages\/167"}],"collection":[{"href":"https:\/\/skfks.pl\/index.php?rest_route=\/wp\/v2\/pages"}],"about":[{"href":"https:\/\/skfks.pl\/index.php?rest_route=\/wp\/v2\/types\/page"}],"author":[{"embeddable":true,"href":"https:\/\/skfks.pl\/index.php?rest_route=\/wp\/v2\/users\/1"}],"replies":[{"embeddable":true,"href":"https:\/\/skfks.pl\/index.php?rest_route=%2Fwp%2Fv2%2Fcomments&post=167"}],"version-history":[{"count":62,"href":"https:\/\/skfks.pl\/index.php?rest_route=\/wp\/v2\/pages\/167\/revisions"}],"predecessor-version":[{"id":67810,"href":"https:\/\/skfks.pl\/index.php?rest_route=\/wp\/v2\/pages\/167\/revisions\/67810"}],"up":[{"embeddable":true,"href":"https:\/\/skfks.pl\/index.php?rest_route=\/wp\/v2\/pages\/151"}],"wp:attachment":[{"href":"https:\/\/skfks.pl\/index.php?rest_route=%2Fwp%2Fv2%2Fmedia&parent=167"}],"curies":[{"name":"wp","href":"https:\/\/api.w.org\/{rel}","templated":true}]}}