{"id":15199,"date":"2012-12-04T17:16:06","date_gmt":"2012-12-04T17:16:06","guid":{"rendered":"http:\/\/skfks.pl\/?page_id=15199"},"modified":"2012-12-04T17:16:06","modified_gmt":"2012-12-04T17:16:06","slug":"wielkopolskasiatkowka-pl","status":"publish","type":"page","link":"https:\/\/skfks.pl\/?page_id=15199","title":{"rendered":"wielkopolskasiatkowka.pl"},"content":{"rendered":"<p><strong>Wydawca serwisu:<\/strong><\/p>\n<p>Wielkopolski Zwi\u0105zek Pi\u0142ki Siatkowej<\/p>\n<p><strong><br \/>\n<\/strong><\/p>\n<p><strong>Redaktor naczelny:<\/strong><\/p>\n<p>Piotr Duszy\u0144ski<\/p>\n<p>&nbsp;<\/p>\n<p><strong>Kontakt:<\/strong><\/p>\n<p>e-mail:   <a href=\"mailto:wielkopolskasiatkowka@wp.pl\">wielkopolskasiatkowka@wp.pl<\/a><\/p>\n<p>&nbsp;<\/p>\n","protected":false},"excerpt":{"rendered":"<p>Wydawca serwisu: Wielkopolski Zwi\u0105zek Pi\u0142ki Siatkowej Redaktor naczelny: Piotr Duszy\u0144ski &nbsp; Kontakt: e-mail: wielkopolskasiatkowka@wp.pl &nbsp;<\/p>\n","protected":false},"author":4,"featured_media":0,"parent":683,"menu_order":3,"comment_status":"closed","ping_status":"closed","template":"","meta":{"ngg_post_thumbnail":0},"_links":{"self":[{"href":"https:\/\/skfks.pl\/index.php?rest_route=\/wp\/v2\/pages\/15199"}],"collection":[{"href":"https:\/\/skfks.pl\/index.php?rest_route=\/wp\/v2\/pages"}],"about":[{"href":"https:\/\/skfks.pl\/index.php?rest_route=\/wp\/v2\/types\/page"}],"author":[{"embeddable":true,"href":"https:\/\/skfks.pl\/index.php?rest_route=\/wp\/v2\/users\/4"}],"replies":[{"embeddable":true,"href":"https:\/\/skfks.pl\/index.php?rest_route=%2Fwp%2Fv2%2Fcomments&post=15199"}],"version-history":[{"count":1,"href":"https:\/\/skfks.pl\/index.php?rest_route=\/wp\/v2\/pages\/15199\/revisions"}],"predecessor-version":[{"id":15200,"href":"https:\/\/skfks.pl\/index.php?rest_route=\/wp\/v2\/pages\/15199\/revisions\/15200"}],"up":[{"embeddable":true,"href":"https:\/\/skfks.pl\/index.php?rest_route=\/wp\/v2\/pages\/683"}],"wp:attachment":[{"href":"https:\/\/skfks.pl\/index.php?rest_route=%2Fwp%2Fv2%2Fmedia&parent=15199"}],"curies":[{"name":"wp","href":"https:\/\/api.w.org\/{rel}","templated":true}]}}