{"id":15186,"date":"2012-12-04T17:12:53","date_gmt":"2012-12-04T17:12:53","guid":{"rendered":"http:\/\/skfks.pl\/?page_id=15186"},"modified":"2012-12-04T17:12:53","modified_gmt":"2012-12-04T17:12:53","slug":"wtk","status":"publish","type":"page","link":"https:\/\/skfks.pl\/?page_id=15186","title":{"rendered":"WTK"},"content":{"rendered":"<p><a rel=\"attachment wp-att-15187\" href=\"http:\/\/skfks.pl\/?attachment_id=15187\"><img decoding=\"async\" loading=\"lazy\" class=\"alignleft size-thumbnail wp-image-15187\" title=\"wtk\" src=\"http:\/\/skfks.pl\/wp-content\/uploads\/2012\/12\/wtk-150x150.jpg\" alt=\"\" width=\"150\" height=\"150\" srcset=\"https:\/\/skfks.pl\/wp-content\/uploads\/2012\/12\/wtk-150x150.jpg 150w, https:\/\/skfks.pl\/wp-content\/uploads\/2012\/12\/wtk-300x300.jpg 300w, https:\/\/skfks.pl\/wp-content\/uploads\/2012\/12\/wtk.jpg 637w\" sizes=\"(max-width: 150px) 100vw, 150px\" \/><\/a>WTK to nowoczesna telewizja regionalna o profilu informacyjnym stworzona z my\u015bl\u0105 o wszystkich mieszka\u0144cach aglomeracji pozna\u0144skiej i Wielkopolski oraz osobach przyjezdnych. Codziennie prezentuje naj\u015bwie\u017csze informacje, najwa\u017cniejsze wydarzenia kulturalne i pomys\u0142y na sp\u0119dzanie czasu w stolicy Wielkopolski. WTK posiada bogat\u0105 ofert\u0119 program\u00f3w informacyjnych (&#8222;Puls Dnia&#8221;, &#8222;Qulturalny Pozna\u0144&#8221;, &#8222;Serwis komunikacyjny&#8221;, &#8222;Prognoza pogody&#8221;, \u201eSport\u201d), w telewizji nie brakuje r\u00f3wnie\u017c interakcji z widzami (&#8222;Gor\u0105cy Temat&#8221;, &#8222;Otwarta Antena&#8221;). Poza informacjami WTK proponuje wiele magazyn\u00f3w tematycznych oraz program\u00f3w rozrywkowych prowadzonych przez znanych i cenionych dziennikarzy (&#8222;Tajemnice Poznania&#8221;, &#8222;Na Zdrowie&#8221;, &#8222;Motomania&#8221;, &#8222;Po\u0142ykacze ksi\u0105\u017cek&#8221;, etc.). Wa\u017cn\u0105 cz\u0119\u015bci\u0105 naszej ram\u00f3wki s\u0105 transmisje na \u017cywo z ciekawych wydarze\u0144 kulturalnych, spo\u0142ecznych czy sportowych.<\/p>\n","protected":false},"excerpt":{"rendered":"<p>WTK to nowoczesna telewizja regionalna o profilu informacyjnym stworzona z my\u015bl\u0105 o wszystkich mieszka\u0144cach aglomeracji pozna\u0144skiej i Wielkopolski oraz osobach przyjezdnych. Codziennie prezentuje naj\u015bwie\u017csze informacje, najwa\u017cniejsze wydarzenia kulturalne i pomys\u0142y na sp\u0119dzanie czasu w stolicy Wielkopolski. WTK posiada bogat\u0105 ofert\u0119 program\u00f3w informacyjnych (&#8222;Puls Dnia&#8221;, &#8222;Qulturalny Pozna\u0144&#8221;, &#8222;Serwis komunikacyjny&#8221;, &#8222;Prognoza pogody&#8221;, \u201eSport\u201d), w telewizji nie brakuje [&hellip;]<\/p>\n","protected":false},"author":4,"featured_media":0,"parent":683,"menu_order":1,"comment_status":"closed","ping_status":"closed","template":"","meta":{"ngg_post_thumbnail":0},"_links":{"self":[{"href":"https:\/\/skfks.pl\/index.php?rest_route=\/wp\/v2\/pages\/15186"}],"collection":[{"href":"https:\/\/skfks.pl\/index.php?rest_route=\/wp\/v2\/pages"}],"about":[{"href":"https:\/\/skfks.pl\/index.php?rest_route=\/wp\/v2\/types\/page"}],"author":[{"embeddable":true,"href":"https:\/\/skfks.pl\/index.php?rest_route=\/wp\/v2\/users\/4"}],"replies":[{"embeddable":true,"href":"https:\/\/skfks.pl\/index.php?rest_route=%2Fwp%2Fv2%2Fcomments&post=15186"}],"version-history":[{"count":2,"href":"https:\/\/skfks.pl\/index.php?rest_route=\/wp\/v2\/pages\/15186\/revisions"}],"predecessor-version":[{"id":15189,"href":"https:\/\/skfks.pl\/index.php?rest_route=\/wp\/v2\/pages\/15186\/revisions\/15189"}],"up":[{"embeddable":true,"href":"https:\/\/skfks.pl\/index.php?rest_route=\/wp\/v2\/pages\/683"}],"wp:attachment":[{"href":"https:\/\/skfks.pl\/index.php?rest_route=%2Fwp%2Fv2%2Fmedia&parent=15186"}],"curies":[{"name":"wp","href":"https:\/\/api.w.org\/{rel}","templated":true}]}}